{"id":72,"date":"2025-11-21T21:19:22","date_gmt":"2025-11-21T21:19:22","guid":{"rendered":"https:\/\/mystery-mart.ca\/services\/"},"modified":"2026-01-21T20:58:47","modified_gmt":"2026-01-21T20:58:47","slug":"services","status":"publish","type":"page","link":"https:\/\/mystery-mart.ca\/?page_id=72","title":{"rendered":"Services"},"content":{"rendered":"\n\n\n\n\n\n\n\n\n\n\n\nNos Services\nChez Mystery Mart, nous offrons une vaste gamme de produits allant des appareils m\u00e9nagers aux outils et aux jouets, tous disponibles \u00e0 des prix imbattables !\n\n\n\n\n\n\n<span style=\"color: rgb(255, 255, 255);\">D\u00e9couvrez notre s\u00e9lection d&rsquo;appareils \u00e9lectrom\u00e9nagers allant du petit au grand format, tous avec des prix qui d\u00e9fient la concurrence.<\/span>\n\n01\n\n\n<span style=\"color: var(--pagelayer-color-text);\">Trouvez des meubles pour chaque pi\u00e8ce de votre maison, avec des styles vari\u00e9s pour tous les go\u00fbts et \u00e0 des prix accessibles.<\/span>\n\n02\n\n\n<span style=\"color: var(--pagelayer-color-text);\">E<span style=\"color:#ffffff;\"><\/span>mbellissez votre maison avec <span style=\"color:#ffffff;\"><span style=\"\"><\/span><\/span>nos pi\u00e8c<span style=\"color:#000000;\"><\/span>es de d\u00e9coration uniques qui ajoutent une touche personnelle \u00e0 votre espace.<\/span>\n\n03\n\n\n<span style=\"color: var(--pagelayer-color-text);\">Rendez chaque saison sp\u00e9ciale avec notre collection d&rsquo;articles saisonniers, des d\u00e9corations aux accessoires, tout ce dont vous avez besoin est ici.<\/span>\n\n04\n\n\n\n\n\n\n\nNotre Processus\nD\u00e9couvrez notre processus de magasinage unique, vous permettant de trouver ce qu&rsquo;il vous faut facilement.\n\n\n\n\n\n01\n\n\n\n<span style=\"color: var(--pagelayer-color-FipMzV);\">Parcourez nos all\u00e9es et d\u00e9couvrez nos articles uniques.<\/span>\n\n\n\n\n02\n\n\n\n<span style=\"color: var(--pagelayer-color-FipMzV);\">S\u00e9lectionnez les produits qui vous int\u00e9ressent et profitez de nos rabais.\n<\/span>\n\n\n\n\n03\n\n\n\n<span style=\"color: var(--pagelayer-color-FipMzV);\">Finalisez votre achat en toute simplicit\u00e9 avec nos options de paiement s\u00e9curis\u00e9es.<\/span>\n\n\n\n\n\n\n\n\n\n\nNos Caract\u00e9ristiques\nNous proposons des produits de qualit\u00e9 \u00e0 des prix in\u00e9gal\u00e9s, le tout dans une atmosph\u00e8re conviviale et accueillante.\n\nUne vari\u00e9t\u00e9 de produits sous un m\u00eame toit\nPrix comp\u00e9titifs\nExp\u00e9rience de magasinage unique\nService client exceptionnel\n\n\n\n","protected":false},"excerpt":{"rendered":"","protected":false},"author":1,"featured_media":0,"parent":0,"menu_order":0,"comment_status":"closed","ping_status":"closed","template":"","meta":{"pagelayer_contact_templates":[],"_pagelayer_content":"","footnotes":""},"class_list":["post-72","page","type-page","status-publish","hentry"],"_links":{"self":[{"href":"https:\/\/mystery-mart.ca\/index.php?rest_route=\/wp\/v2\/pages\/72","targetHints":{"allow":["GET"]}}],"collection":[{"href":"https:\/\/mystery-mart.ca\/index.php?rest_route=\/wp\/v2\/pages"}],"about":[{"href":"https:\/\/mystery-mart.ca\/index.php?rest_route=\/wp\/v2\/types\/page"}],"author":[{"embeddable":true,"href":"https:\/\/mystery-mart.ca\/index.php?rest_route=\/wp\/v2\/users\/1"}],"replies":[{"embeddable":true,"href":"https:\/\/mystery-mart.ca\/index.php?rest_route=%2Fwp%2Fv2%2Fcomments&post=72"}],"version-history":[{"count":7,"href":"https:\/\/mystery-mart.ca\/index.php?rest_route=\/wp\/v2\/pages\/72\/revisions"}],"predecessor-version":[{"id":150,"href":"https:\/\/mystery-mart.ca\/index.php?rest_route=\/wp\/v2\/pages\/72\/revisions\/150"}],"wp:attachment":[{"href":"https:\/\/mystery-mart.ca\/index.php?rest_route=%2Fwp%2Fv2%2Fmedia&parent=72"}],"curies":[{"name":"wp","href":"https:\/\/api.w.org\/{rel}","templated":true}]}}