{"id":61,"date":"2025-11-21T21:19:20","date_gmt":"2025-11-21T21:19:20","guid":{"rendered":"https:\/\/mystery-mart.ca\/about\/"},"modified":"2026-01-23T18:42:45","modified_gmt":"2026-01-23T18:42:45","slug":"about","status":"publish","type":"page","link":"https:\/\/mystery-mart.ca\/?page_id=61","title":{"rendered":"Mystery Mart"},"content":{"rendered":"\n\n\n<h2>Your Heading<\/h2>\n\n\n\n\n\n\n\n<p>Lorem Ipsum has been the industry&rsquo;s standard dummy text ever since the 1500s.<\/p>\n\n\n\n<span style=\"color: var(--pagelayer-color-text);\">Apporter une exp\u00e9rience de magasinage essentielle, facile et agr\u00e9able pour tous nos clients.<\/span>\n\n\n\n\n<span style=\"color: var(--pagelayer-color-text);\">\u00catre \u00e0 la pointe des tendances pour offrir ce qu&rsquo;il y a de mieux \u00e0 nos clients.<\/span>\n\n\n\n\n\n\n<h1>L&rsquo;histoire de Mystery Mart<\/h1>\n\n\nChez Mystery Mart, nous nous engageons \u00e0 offrir \u00e0 notre communaut\u00e9 la meilleure exp\u00e9rience de magasinage possible, en rassemblant un large \u00e9ventail de produits de qualit\u00e9.\n\n\n\n<span style=\"font-size: medium;\">Chez Mystery Mart, nous s\u00e9lectionnons des produits fiables et durables r\u00e9pondant \u00e0 de hauts standards de qualit\u00e9. Chaque article est choisi pour offrir un excellent rapport qualit\u00e9-prix. Vous pouvez magasiner en toute confiance, sachant que la qualit\u00e9 est toujours au rendez-vous.<\/span>\nMystery Mart se d\u00e9marque par des prix nettement plus avantageux que ceux de la concurrence. Notre mod\u00e8le d\u2019achat intelligent nous permet d\u2019offrir des \u00e9conomies r\u00e9elles \u00e0 nos clients. Vous payez moins, sans compromis sur la qualit\u00e9.\nNotre \u00e9quipe est pr\u00e9sente, accessible et toujours pr\u00eate \u00e0 vous aider. Le service \u00e0 la client\u00e8le est une priorit\u00e9, avec une approche \u00e0 la fois humaine et efficace. Chaque client est accueilli avec attention et respect, du d\u00e9but \u00e0 la fin de sa visite.\nMagasiner chez Mystery Mart, c\u2019est une exp\u00e9rience unique o\u00f9 l\u2019on peut vraiment trouver de tout. Chaque visite r\u00e9serve des surprises et de nouvelles d\u00e9couvertes. Un endroit dynamique, amusant et diff\u00e9rent, qui donne envie de revenir.\n\n\n<p>Lorem Ipsum has been the industry&rsquo;s standard dummy text ever since the 1500s.<\/p>\n\n\n\n\n\n\n\n<h2>Notre \u00c9quipe -Mystery Mart<\/h2>\n\n\n\n\n\n\n<h2 [object NamedNodeMap]>01<\/h2>\n\n\n\n\nSamantha\n\n\n\n<p>Lorem Ipsum has been the industry&rsquo;s standard dummy text ever since the 1500s.<\/p>\n\n\n\n\n\n\n\n\n\n\n<h2 [object NamedNodeMap]>02<\/h2>\n\n\n\n\nS\u00e9bastien\n\n\n\n<p>Lorem Ipsum has been the industry&rsquo;s standard dummy text ever since the 1500s.<\/p>\n\n\n\n\n\n\n\n\n\n\n<h2 [object NamedNodeMap]>03<\/h2>\n\n\n\n\nDinky\n\n\n\n<p>Lorem Ipsum has been the industry&rsquo;s standard dummy text ever since the 1500s.<\/p>\n\n\n\n\n\n\n\n\n\n\n\n","protected":false},"excerpt":{"rendered":"","protected":false},"author":1,"featured_media":0,"parent":0,"menu_order":0,"comment_status":"closed","ping_status":"closed","template":"","meta":{"pagelayer_contact_templates":[],"_pagelayer_content":"","footnotes":""},"class_list":["post-61","page","type-page","status-publish","hentry"],"_links":{"self":[{"href":"https:\/\/mystery-mart.ca\/index.php?rest_route=\/wp\/v2\/pages\/61","targetHints":{"allow":["GET"]}}],"collection":[{"href":"https:\/\/mystery-mart.ca\/index.php?rest_route=\/wp\/v2\/pages"}],"about":[{"href":"https:\/\/mystery-mart.ca\/index.php?rest_route=\/wp\/v2\/types\/page"}],"author":[{"embeddable":true,"href":"https:\/\/mystery-mart.ca\/index.php?rest_route=\/wp\/v2\/users\/1"}],"replies":[{"embeddable":true,"href":"https:\/\/mystery-mart.ca\/index.php?rest_route=%2Fwp%2Fv2%2Fcomments&post=61"}],"version-history":[{"count":17,"href":"https:\/\/mystery-mart.ca\/index.php?rest_route=\/wp\/v2\/pages\/61\/revisions"}],"predecessor-version":[{"id":176,"href":"https:\/\/mystery-mart.ca\/index.php?rest_route=\/wp\/v2\/pages\/61\/revisions\/176"}],"wp:attachment":[{"href":"https:\/\/mystery-mart.ca\/index.php?rest_route=%2Fwp%2Fv2%2Fmedia&parent=61"}],"curies":[{"name":"wp","href":"https:\/\/api.w.org\/{rel}","templated":true}]}}